{"id":462,"date":"2026-02-11T09:03:56","date_gmt":"2026-02-11T09:03:56","guid":{"rendered":"https:\/\/www.umiberia.com\/?page_id=462"},"modified":"2026-02-11T09:03:56","modified_gmt":"2026-02-11T09:03:56","slug":"politica","status":"publish","type":"page","link":"https:\/\/www.umiberia.com\/index.php\/politica\/","title":{"rendered":"Politica"},"content":{"rendered":"\n<p>Es la pol\u00edtica de <strong>United Molasses Espa\u00f1a, S.A.U.<\/strong> y <strong>United Molasses Portugal, Lda., <\/strong>asegurar que las necesidades y expectativas de todas sus partes interesadas son identificadas y comprendidas en todo momento, asegurando a la vez que los objetivos corporativos y de calidad son conocidos y las obligaciones legales cumplidas.<\/p>\n\n\n\n<p>Esta implantaci\u00f3n implica el cumplimiento de requisitos reglamentarios y legales aplicables, as\u00ed como con el compromiso de mejora continua<\/p>\n\n\n\n<p>Para alcanzar esto la Compa\u00f1\u00eda se compromete a proporcionar productos y servicios de calidad mediante:<\/p>\n\n\n\n<ul class=\"wp-block-list\">\n<li>Desarrollar alianzas con los clientes que permitan mejorar el servicio.<\/li>\n\n\n\n<li>Suministrar recursos adecuados e instalaciones higi\u00e9nicas en t\u00e9rminos de productos, personal e infraestructura.<\/li>\n\n\n\n<li>Suministrar productos y servicios acordes con los requisitos de los clientes y los criterios reguladores aplicables.<\/li>\n\n\n\n<li>Cumplir todos los programas de garant\u00eda de melazas y productos relacionados, y las normas sociales, responsables, de \u00e9tica y de sostenibilidad de la cadena de suministros; desarrollar, implementar y mantener sistemas empresariales y de HACCP adecuados.<\/li>\n\n\n\n<li>Formar y desarrollar al personal para cumplir los objetivos de la empresa y lograr la satisfacci\u00f3n de las partes interesadas<\/li>\n\n\n\n<li>Cotejar, supervisar y revisar la informaci\u00f3n y los procesos necesarios para identificar e implementar la mejora continua y establecer metas y objetivos apropiados.<\/li>\n\n\n\n<li>Proporcionar un liderazgo y una direcci\u00f3n claros que permitan a los empleados cumplir los requisitos y expectativas de la Compa\u00f1\u00eda y de todas sus partes interesadas<\/li>\n<\/ul>\n\n\n\n<p>Una implementaci\u00f3n efectiva de esta pol\u00edtica y su revisi\u00f3n regular, son responsabilidad del Gerente, pero es responsabilidad individual de todos y cada uno de los empleados dentro de su \u00e1rea de actividad garantizar que esta pol\u00edtica es mantenida y desarrollada eficientemente\u00bb.<\/p>\n","protected":false},"excerpt":{"rendered":"<p>Es la pol\u00edtica de United Molasses Espa\u00f1a, S.A.U. y United Molasses Portugal, Lda., asegurar que las necesidades y expectativas de todas sus partes interesadas son identificadas y comprendidas en todo momento, asegurando a la vez que los objetivos corporativos y de calidad son conocidos y las obligaciones legales cumplidas. Esta implantaci\u00f3n implica el cumplimiento de [&hellip;]<\/p>\n","protected":false},"author":1,"featured_media":0,"parent":0,"menu_order":0,"comment_status":"closed","ping_status":"closed","template":"","meta":{"_themeisle_gutenberg_block_has_review":false,"cybocfi_hide_featured_image":"","footnotes":""},"class_list":["post-462","page","type-page","status-publish","hentry"],"_links":{"self":[{"href":"https:\/\/www.umiberia.com\/index.php\/wp-json\/wp\/v2\/pages\/462","targetHints":{"allow":["GET"]}}],"collection":[{"href":"https:\/\/www.umiberia.com\/index.php\/wp-json\/wp\/v2\/pages"}],"about":[{"href":"https:\/\/www.umiberia.com\/index.php\/wp-json\/wp\/v2\/types\/page"}],"author":[{"embeddable":true,"href":"https:\/\/www.umiberia.com\/index.php\/wp-json\/wp\/v2\/users\/1"}],"replies":[{"embeddable":true,"href":"https:\/\/www.umiberia.com\/index.php\/wp-json\/wp\/v2\/comments?post=462"}],"version-history":[{"count":1,"href":"https:\/\/www.umiberia.com\/index.php\/wp-json\/wp\/v2\/pages\/462\/revisions"}],"predecessor-version":[{"id":464,"href":"https:\/\/www.umiberia.com\/index.php\/wp-json\/wp\/v2\/pages\/462\/revisions\/464"}],"wp:attachment":[{"href":"https:\/\/www.umiberia.com\/index.php\/wp-json\/wp\/v2\/media?parent=462"}],"curies":[{"name":"wp","href":"https:\/\/api.w.org\/{rel}","templated":true}]}}