{"id":105,"date":"2023-06-13T11:44:44","date_gmt":"2023-06-13T11:44:44","guid":{"rendered":"http:\/\/www.umiberia.com\/?page_id=105"},"modified":"2026-03-18T11:01:18","modified_gmt":"2026-03-18T11:01:18","slug":"productos","status":"publish","type":"page","link":"https:\/\/www.umiberia.com\/index.php\/productos\/","title":{"rendered":"Productos"},"content":{"rendered":"\n<header class=\"wp-block-cover alignfull is-light has-parallax\"><div class=\"wp-block-cover__image-background wp-image-396 size-large has-parallax\" style=\"background-position:50% 50%;background-image:url(https:\/\/www.umiberia.com\/wp-content\/uploads\/2025\/10\/IMG_20251007_120458015-1024x768.jpg)\"><\/div><span aria-hidden=\"true\" class=\"wp-block-cover__background has-background-dim\" style=\"background-color:#6a8c96\"><\/span><div class=\"wp-block-cover__inner-container has-global-padding is-layout-constrained wp-block-cover-is-layout-constrained\">\n<p class=\"has-text-align-center is-style-text-title has-light-color has-text-color has-link-color has-gigantic-font-size wp-elements-e7c3848786b1b0bd63bd1370951e1253 is-style-text-title--1\"><strong>Productos<\/strong><\/p>\n<\/div><\/header>\n\n\n\n<main class=\"wp-block-group alignfull width: 100%; overflow: auto; has-global-padding is-layout-constrained wp-container-core-group-is-layout-9e36ff47 wp-block-group-is-layout-constrained\">\n<h2 class=\"wp-block-heading has-text-align-center\" id=\"producto-Melaza\">La Melaza<\/h2>\n\n\n\n<div class=\"wp-block-group is-content-justification-center is-nowrap is-layout-flex wp-container-core-group-is-layout-23441af8 wp-block-group-is-layout-flex\">\n<figure class=\"wp-block-image size-full\"><img loading=\"lazy\" decoding=\"async\" width=\"612\" height=\"408\" src=\"http:\/\/www.umiberia.com\/wp-content\/uploads\/2023\/06\/melaza.jpg\" alt=\"\" class=\"wp-image-155\" srcset=\"https:\/\/www.umiberia.com\/wp-content\/uploads\/2023\/06\/melaza.jpg 612w, https:\/\/www.umiberia.com\/wp-content\/uploads\/2023\/06\/melaza-300x200.jpg 300w, https:\/\/www.umiberia.com\/wp-content\/uploads\/2023\/06\/melaza-450x300.jpg 450w\" sizes=\"auto, (max-width: 612px) 100vw, 612px\" \/><\/figure>\n\n\n\n<div class=\"wp-block-group is-style-default has-global-padding is-layout-constrained wp-block-group-is-layout-constrained\">\n<p>Es un subproducto de la industria azucarera que queda tras el proceso de obtenci\u00f3n de az\u00facar bruto y refinado, siendo un jarabe denso y negruzco que queda tras la cristalizaci\u00f3n.<\/p>\n\n\n\n<p>Existen dos tipos de melaza, seg\u00fan la producci\u00f3n del az\u00facar:<\/p>\n\n\n\n<p>&#8211; Con <strong>ca\u00f1a de az\u00facar<\/strong>: crece en zonas tropicales tanto en el Norte como en el Sur del Ecuador.<\/p>\n\n\n\n<p>&#8211; Con <strong>remolacha azucarera<\/strong>: crece en climas templados como Europa y Am\u00e9rica del Norte.<\/p>\n<\/div>\n<\/div>\n<\/main>\n\n\n\n<div class=\"wp-block-group alignfull has-light-background-color has-background has-global-padding is-layout-constrained wp-block-group-is-layout-constrained\">\n<h2 class=\"wp-block-heading has-text-align-center\" id=\"producto-M\">Melaza M<\/h2>\n\n\n\n<div class=\"wp-block-group alignfull has-global-padding is-layout-constrained wp-block-group-is-layout-constrained\">\n<div class=\"wp-block-group is-nowrap is-layout-flex wp-container-core-group-is-layout-6c531013 wp-block-group-is-layout-flex\">\n<p>Un producto especialmente dise\u00f1ado para facilitar su utilizaci\u00f3n en las f\u00e1bricas de pienso y uso en ganader\u00edas, directo sobre el forraje en comederos o en carro unifeed, por su baja densidad<\/p>\n<\/div>\n\n\n\n<p>Todas las ventajas conocidas de la melaza se ven mejoradas con la incorporaci\u00f3n de otros ingredientes l\u00edquidos con alto contenido en prote\u00edna (CMS), logrando un producto de viscosidad reducida, facilitando su manejo respecto a la melaza convencional.<\/p>\n\n\n\n<p>Los beneficios de la Melaza M son:<\/p>\n\n\n\n<ul class=\"wp-block-list\">\n<li>basado en melaza de m\u00e1xima calidad.<\/li>\n\n\n\n<li>facilidad de bombeo y manejo debido a la viscosidad reducida.<\/li>\n\n\n\n<li>excelente fuente de energ\u00eda y prote\u00edna.<\/li>\n\n\n\n<li>reduce de forma significativa las adherencias en los equipos.<\/li>\n\n\n\n<li>mezclas m\u00e1s uniformes de los ingredientes.<\/li>\n\n\n\n<li>mejora la calidad de los gr\u00e1nulos.<\/li>\n<\/ul>\n<\/div>\n\n\n\n<div class=\"wp-block-group alignfull has-global-padding is-layout-constrained wp-block-group-is-layout-constrained\">\n<h2 class=\"wp-block-heading\">Analisis tipo<\/h2>\n\n\n\n<div class=\"wp-block-group is-nowrap is-layout-flex wp-container-core-group-is-layout-6c531013 wp-block-group-is-layout-flex\">\n<figure class=\"wp-block-image size-large\"><img loading=\"lazy\" decoding=\"async\" width=\"724\" height=\"1024\" src=\"https:\/\/www.umiberia.com\/wp-content\/uploads\/2026\/03\/melaza-M-724x1024.png\" alt=\"\" class=\"wp-image-470\" srcset=\"https:\/\/www.umiberia.com\/wp-content\/uploads\/2026\/03\/melaza-M-724x1024.png 724w, https:\/\/www.umiberia.com\/wp-content\/uploads\/2026\/03\/melaza-M-212x300.png 212w, https:\/\/www.umiberia.com\/wp-content\/uploads\/2026\/03\/melaza-M-768x1086.png 768w, https:\/\/www.umiberia.com\/wp-content\/uploads\/2026\/03\/melaza-M-1086x1536.png 1086w, https:\/\/www.umiberia.com\/wp-content\/uploads\/2026\/03\/melaza-M.png 1240w\" sizes=\"auto, (max-width: 724px) 100vw, 724px\" \/><\/figure>\n\n\n\n<div class=\"wp-block-group alignfull has-global-padding is-layout-constrained wp-block-group-is-layout-constrained\">\n<p><\/p>\n\n\n\n<p>Valores por contrato de venta:<\/p>\n\n\n\n<p>Melaza: Az\u00facares 43% TSAI, humedad 30%<\/p>\n\n\n\n<p>Melaza M: Az\u00facares 36% TSAI, humedad 32%<\/p>\n\n\n\n<p>Se admitir\u00e1 en todo caso una tolerancia de 2 puntos<\/p>\n<\/div>\n<\/div>\n\n\n\n<div class=\"wp-block-group is-nowrap is-layout-flex wp-container-core-group-is-layout-6c531013 wp-block-group-is-layout-flex\"><\/div>\n<\/div>\n<\/div>\n\n\n\n<div class=\"wp-block-group alignfull has-global-padding is-layout-constrained wp-block-group-is-layout-constrained\">\n<h2 class=\"wp-block-heading\" id=\"producto-CMS\">CMS \u2013 Soluble de concentrado de Melaza<\/h2>\n\n\n\n<div class=\"wp-block-group has-global-padding is-layout-constrained wp-block-group-is-layout-constrained\">\n<p class=\"has-text-align-left\">Su definici\u00f3n t\u00e9cnica es la de un subproducto de la fabricaci\u00f3n de amino\u00e1cidos por fermentaci\u00f3n. Este proceso de fermentaci\u00f3n se hace a partir de melazas, por lo que el origen vegetal est\u00e1 garantizado.<\/p>\n\n\n\n<p>Ante las fuertes variaciones en el precio de las materias primas proteicas tradicionales, en United Molasses hemos buscado otras materias sustitutivas que tengan un comportamiento m\u00e1s estable, encontr\u00e1ndose en esta situaci\u00f3n los subproductos procedentes de fermentaci\u00f3n.<\/p>\n\n\n\n<p>El CMS como materia prima para alimentaci\u00f3n animal ofrece las siguientes ventajas:<\/p>\n\n\n\n<ul class=\"wp-block-list\">\n<li>Aporte de prote\u00edna degradable.<\/li>\n\n\n\n<li>Posee un alto contenido en amino\u00e1cidos libre.<\/li>\n\n\n\n<li>Alto poder aglomerante<\/li>\n\n\n\n<li>Es un producto de precio muy competitivo y disponible todo el a\u00f1o.<\/li>\n\n\n\n<li>Su manejo y almacenamiento, dada su densidad no supone ning\u00fan problema y se puede mezclar con facilidad con otros productos l\u00edquidos.<\/li>\n\n\n\n<li>Mezcl\u00e1ndolo con melaza hace que esta sea m\u00e1s fluida sin riesgos de fermentaciones.<\/li>\n<\/ul>\n<\/div>\n\n\n\n<figure class=\"wp-block-image size-large\"><img loading=\"lazy\" decoding=\"async\" width=\"724\" height=\"1024\" src=\"https:\/\/www.umiberia.com\/wp-content\/uploads\/2026\/03\/CMS-724x1024.png\" alt=\"\" class=\"wp-image-475\" srcset=\"https:\/\/www.umiberia.com\/wp-content\/uploads\/2026\/03\/CMS-724x1024.png 724w, https:\/\/www.umiberia.com\/wp-content\/uploads\/2026\/03\/CMS-212x300.png 212w, https:\/\/www.umiberia.com\/wp-content\/uploads\/2026\/03\/CMS-768x1086.png 768w, https:\/\/www.umiberia.com\/wp-content\/uploads\/2026\/03\/CMS-1086x1536.png 1086w, https:\/\/www.umiberia.com\/wp-content\/uploads\/2026\/03\/CMS.png 1240w\" sizes=\"auto, (max-width: 724px) 100vw, 724px\" \/><\/figure>\n\n\n\n<hr class=\"wp-block-separator has-alpha-channel-opacity\"\/>\n<\/div>\n","protected":false},"excerpt":{"rendered":"<p>La Melaza Es un subproducto de la industria azucarera que queda tras el proceso de obtenci\u00f3n de az\u00facar bruto y refinado, siendo un jarabe denso y negruzco que queda tras la cristalizaci\u00f3n. Existen dos tipos de melaza, seg\u00fan la producci\u00f3n del az\u00facar: &#8211; Con ca\u00f1a de az\u00facar: crece en zonas tropicales tanto en el Norte [&hellip;]<\/p>\n","protected":false},"author":1,"featured_media":0,"parent":0,"menu_order":0,"comment_status":"closed","ping_status":"closed","template":"","meta":{"_themeisle_gutenberg_block_has_review":false,"cybocfi_hide_featured_image":"yes","footnotes":""},"class_list":["post-105","page","type-page","status-publish","hentry"],"_links":{"self":[{"href":"https:\/\/www.umiberia.com\/index.php\/wp-json\/wp\/v2\/pages\/105","targetHints":{"allow":["GET"]}}],"collection":[{"href":"https:\/\/www.umiberia.com\/index.php\/wp-json\/wp\/v2\/pages"}],"about":[{"href":"https:\/\/www.umiberia.com\/index.php\/wp-json\/wp\/v2\/types\/page"}],"author":[{"embeddable":true,"href":"https:\/\/www.umiberia.com\/index.php\/wp-json\/wp\/v2\/users\/1"}],"replies":[{"embeddable":true,"href":"https:\/\/www.umiberia.com\/index.php\/wp-json\/wp\/v2\/comments?post=105"}],"version-history":[{"count":74,"href":"https:\/\/www.umiberia.com\/index.php\/wp-json\/wp\/v2\/pages\/105\/revisions"}],"predecessor-version":[{"id":478,"href":"https:\/\/www.umiberia.com\/index.php\/wp-json\/wp\/v2\/pages\/105\/revisions\/478"}],"wp:attachment":[{"href":"https:\/\/www.umiberia.com\/index.php\/wp-json\/wp\/v2\/media?parent=105"}],"curies":[{"name":"wp","href":"https:\/\/api.w.org\/{rel}","templated":true}]}}